{"id":721,"date":"2024-05-18T13:33:59","date_gmt":"2024-05-18T13:33:59","guid":{"rendered":"https:\/\/boutiqueyachting.com\/impressum\/"},"modified":"2024-06-18T01:41:38","modified_gmt":"2024-06-18T01:41:38","slug":"impressum","status":"publish","type":"page","link":"https:\/\/boutiqueyachting.com\/de\/impressum\/","title":{"rendered":"Impressum"},"content":{"rendered":"<section class=\"l-section wpb_row us_custom_8c567ace has_text_color height_auto\"><div class=\"l-section-h i-cf\"><div class=\"g-cols vc_row via_flex valign_middle type_default stacking_default\"><div class=\"vc_col-sm-12 wpb_column vc_column_container\"><div class=\"vc_column-inner us_custom_525350b1\"><div class=\"wpb_wrapper\"><h1 class=\"w-post-elm post_title entry-title color_link_inherit\">Impressum<\/h1><\/div><\/div><\/div><\/div><\/div><\/section><section class=\"l-section wpb_row height_auto\"><div class=\"l-section-h i-cf\"><div class=\"g-cols vc_row via_flex valign_top type_default stacking_default\"><div class=\"vc_col-sm-12 wpb_column vc_column_container\"><div class=\"vc_column-inner\"><div class=\"wpb_wrapper\"><div class=\"w-separator size_custom\" style=\"height:var(--height-2-2)\"><\/div><div class=\"g-cols wpb_row my_legal_notice via_flex valign_top type_default stacking_default\"><div class=\"vc_col-sm-6 wpb_column vc_column_container\"><div class=\"vc_column-inner\"><div class=\"wpb_wrapper\"><h2 class=\"w-text\"><span class=\"w-text-h\"><span class=\"w-text-value\">Kontakt Adresse<\/span><\/span><\/h2><div class=\"w-separator size_custom\" style=\"height:var(--height-1-1)\"><\/div><div class=\"wpb_text_column\"><div class=\"wpb_wrapper\"><p><strong>Boutique Yachting &amp; Tours Co., Ltd.<\/strong><br \/>\n82\/1 Moo 4, Bophut<br \/>\nPetcherat Marina Bangrak<br \/>\nKoh Samui<br \/>\nSuratthani 84320<br \/>\nThailand<\/p>\n<p>TAT License number: 33\/00325<\/p>\n<p>Website: boutiqueyachting.com<br \/>\nEmail: info(at)boutiqueyachting(dot)com<\/p>\n<\/div><\/div><\/div><\/div><\/div><div class=\"vc_col-sm-6 wpb_column vc_column_container\"><div class=\"vc_column-inner\"><div class=\"wpb_wrapper\"><h3 class=\"w-text\"><span class=\"w-text-h\"><span class=\"w-text-value\">Design, Konzept und Umsetzung<\/span><\/span><\/h3><div class=\"w-separator size_custom\" style=\"height:var(--height-1-1)\"><\/div><div class=\"wpb_text_column\"><div class=\"wpb_wrapper\"><p>Samui Infotech Co., Ltd., Thailand<br \/>\n<i class=\"far fa-external-link\"><\/i> <a href=\"https:\/\/www.samui-infotech.com\/\" target=\"_blank\" rel=\"noopener\">Website Samui Infotech<\/a><\/p>\n<\/div><\/div><div class=\"w-separator size_custom\" style=\"height:var(--height-2-2)\"><\/div><h3 class=\"w-text\"><span class=\"w-text-h\"><span class=\"w-text-value\">Haftungshinweis<\/span><\/span><\/h3><div class=\"w-separator size_custom\" style=\"height:var(--height-1-1)\"><\/div><div class=\"wpb_text_column\"><div class=\"wpb_wrapper\"><p>Trotz sorgf\u00e4ltiger inhaltlicher Kontrolle \u00fcbernehmen wir keine Haftung f\u00fcr alle Inhalte.<\/p>\n<p>Die rechtlichen Hinweise gelten auch f\u00fcr alle Social-Media-Profile, sofern nicht anders angegeben.<\/p>\n<\/div><\/div><\/div><\/div><\/div><\/div><div class=\"w-separator size_custom\" style=\"height:var(--height-2-2)\"><\/div><\/div><\/div><\/div><\/div><\/div><\/section>\n","protected":false},"excerpt":{"rendered":"ImpressumKontakt AdresseBoutique Yachting &amp; Tours Co., Ltd. 82\/1 Moo 4, Bophut Petcherat Marina Bangrak Koh Samui Suratthani 84320 Thailand TAT License number: 33\/00325 Website: boutiqueyachting.com Email: info(at)boutiqueyachting(dot)com Design, Konzept und UmsetzungSamui Infotech Co., Ltd., Thailand Website Samui Infotech HaftungshinweisTrotz sorgf\u00e4ltiger inhaltlicher Kontrolle \u00fcbernehmen wir keine Haftung f\u00fcr alle Inhalte. Die rechtlichen Hinweise gelten auch f\u00fcr...","protected":false},"author":7,"featured_media":0,"parent":0,"menu_order":0,"comment_status":"closed","ping_status":"closed","template":"","meta":{"_acf_changed":false,"footnotes":""},"class_list":["post-721","page","type-page","status-publish","hentry"],"acf":[],"_links":{"self":[{"href":"https:\/\/boutiqueyachting.com\/de\/wp-json\/wp\/v2\/pages\/721","targetHints":{"allow":["GET"]}}],"collection":[{"href":"https:\/\/boutiqueyachting.com\/de\/wp-json\/wp\/v2\/pages"}],"about":[{"href":"https:\/\/boutiqueyachting.com\/de\/wp-json\/wp\/v2\/types\/page"}],"author":[{"embeddable":true,"href":"https:\/\/boutiqueyachting.com\/de\/wp-json\/wp\/v2\/users\/7"}],"replies":[{"embeddable":true,"href":"https:\/\/boutiqueyachting.com\/de\/wp-json\/wp\/v2\/comments?post=721"}],"version-history":[{"count":2,"href":"https:\/\/boutiqueyachting.com\/de\/wp-json\/wp\/v2\/pages\/721\/revisions"}],"predecessor-version":[{"id":723,"href":"https:\/\/boutiqueyachting.com\/de\/wp-json\/wp\/v2\/pages\/721\/revisions\/723"}],"wp:attachment":[{"href":"https:\/\/boutiqueyachting.com\/de\/wp-json\/wp\/v2\/media?parent=721"}],"curies":[{"name":"wp","href":"https:\/\/api.w.org\/{rel}","templated":true}]}}