{"id":724,"date":"2024-03-25T11:53:04","date_gmt":"2024-03-25T11:53:04","guid":{"rendered":"https:\/\/boutiqueyachting.com\/stornierungsbedingungen-widerrufsrecht\/"},"modified":"2024-12-08T11:33:12","modified_gmt":"2024-12-08T11:33:12","slug":"stornierungsbedingungen-widerrufsrecht","status":"publish","type":"page","link":"https:\/\/boutiqueyachting.com\/de\/stornierungsbedingungen-widerrufsrecht\/","title":{"rendered":"Stornierungsbedingungen \/ Widerrufsrecht"},"content":{"rendered":"<section class=\"l-section wpb_row height_medium\"><div class=\"l-section-h i-cf\"><div class=\"g-cols vc_row via_flex valign_top type_default stacking_default\"><div class=\"vc_col-sm-12 wpb_column vc_column_container\"><div class=\"vc_column-inner\"><div class=\"wpb_wrapper\"><h1 class=\"w-text\"><span class=\"w-text-h\"><span class=\"w-text-value\">Stornierungsbedingungen \/ Widerrufsrecht<\/span><\/span><\/h1><div class=\"w-separator size_custom\" style=\"height:var(--height-2-2)\"><\/div><h2 class=\"w-text\"><span class=\"w-text-h\"><span class=\"w-text-value\">Tagestouren &amp; Gruppenausfl\u00fcge<\/span><\/span><\/h2><div class=\"w-separator size_custom\" style=\"height:var(--height-0-5)\"><\/div><div class=\"wpb_text_column\"><div class=\"wpb_wrapper\"><ul>\n<li>Die Preise beinhalten 7% Steuer und Versicherung.<\/li>\n<li>Die vollst\u00e4ndige Zahlung ist vor der Abfahrt erforderlich.<\/li>\n<li>Erwachsene (12 Jahre +) \/ Kinder (5 &#8211; 11 Jahre) \/ Kleinkinder (bis 4 Jahre) *<\/li>\n<li>Kindertarife zwischen 5 und 11 Jahren sind inbegriffen; f\u00fcr Kleinkinder ist der Eintritt frei.<\/li>\n<\/ul>\n<p><em>Das Unternehmen beh\u00e4lt sich alle Rechte vor, die Reiseroute je nach Wetterlage zu \u00e4ndern.<\/em><br \/>\n* <strong>Zur \u00dcberpr\u00fcfung des Alters wird eine Kopie des Reisepasses aller Kinder ben\u00f6tigt.<\/strong><\/p>\n<ul>\n<li>Stornierungen durch den Kunden, weniger als 24 Stunden vor Ausflugsbeginn, werden mit 100 % des Gesamtbetrags belastet.<\/li>\n<li>Stornierungen durch den Kunden, weniger als 48 Stunden vor Ausflugsbeginn, werden mit 50 % des Gesamtbetrags berechnet.<\/li>\n<li>Bei Stornierung durch die Firma Boutique Yachting &amp; Tours Co., Ltd., im Falle von schlechtem Wetter oder technischen Problemen mit dem Boot. Sollte der Kunde nicht auf einen anderen Tag umbuchen k\u00f6nnen, gew\u00e4hren wir 100%ige R\u00fcckerstattung.<\/li>\n<\/ul>\n<\/div><\/div><div class=\"w-separator size_custom\" style=\"height:var(--height-1-1)\"><\/div><h2 class=\"w-text\"><span class=\"w-text-h\"><span class=\"w-text-value\">Private Charters &amp; Private Touren<\/span><\/span><\/h2><div class=\"w-separator size_custom\" style=\"height:var(--height-0-5)\"><\/div><div class=\"wpb_text_column\"><div class=\"wpb_wrapper\"><ul>\n<li>Eine Anzahlung von 50% des Gesamtbetrags ist erforderlich, um die Buchung zu best\u00e4tigen.<\/li>\n<li>Die vollst\u00e4ndige Zahlung ist vor der Abfahrt erforderlich.<\/li>\n<\/ul>\n<p>F\u00fcr Stornierungen weniger als 1 Monat vor dem gebuchten Charter, wird keine R\u00fcckzahlung gew\u00e4hrt.<\/p>\n<p>Bei Stornierung durch die Firma Boutique Yachting &amp; Tours Co., Ltd., im Falle von schlechtem Wetter oder technischen Problemen mit dem Boot. Sollte der Kunde nicht auf einen anderen Tag umbuchen k\u00f6nnen, gew\u00e4hren wir 100%ige R\u00fcckerstattung.<\/p>\n<\/div><\/div><div class=\"w-separator size_custom\" style=\"height:var(--height-2-2)\"><\/div><\/div><\/div><\/div><\/div><\/div><\/section>\n","protected":false},"excerpt":{"rendered":"Stornierungsbedingungen \/ WiderrufsrechtTagestouren &amp; Gruppenausfl\u00fcge Die Preise beinhalten 7% Steuer und Versicherung. Die vollst\u00e4ndige Zahlung ist vor der Abfahrt erforderlich. Erwachsene (12 Jahre +) \/ Kinder (5 &#8211; 11 Jahre) \/ Kleinkinder (bis 4 Jahre) * Kindertarife zwischen 5 und 11 Jahren sind inbegriffen; f\u00fcr Kleinkinder ist der Eintritt frei. Das Unternehmen beh\u00e4lt sich alle...","protected":false},"author":7,"featured_media":0,"parent":0,"menu_order":0,"comment_status":"closed","ping_status":"closed","template":"","meta":{"_acf_changed":false,"footnotes":""},"class_list":["post-724","page","type-page","status-publish","hentry"],"acf":[],"_links":{"self":[{"href":"https:\/\/boutiqueyachting.com\/de\/wp-json\/wp\/v2\/pages\/724","targetHints":{"allow":["GET"]}}],"collection":[{"href":"https:\/\/boutiqueyachting.com\/de\/wp-json\/wp\/v2\/pages"}],"about":[{"href":"https:\/\/boutiqueyachting.com\/de\/wp-json\/wp\/v2\/types\/page"}],"author":[{"embeddable":true,"href":"https:\/\/boutiqueyachting.com\/de\/wp-json\/wp\/v2\/users\/7"}],"replies":[{"embeddable":true,"href":"https:\/\/boutiqueyachting.com\/de\/wp-json\/wp\/v2\/comments?post=724"}],"version-history":[{"count":4,"href":"https:\/\/boutiqueyachting.com\/de\/wp-json\/wp\/v2\/pages\/724\/revisions"}],"predecessor-version":[{"id":966,"href":"https:\/\/boutiqueyachting.com\/de\/wp-json\/wp\/v2\/pages\/724\/revisions\/966"}],"wp:attachment":[{"href":"https:\/\/boutiqueyachting.com\/de\/wp-json\/wp\/v2\/media?parent=724"}],"curies":[{"name":"wp","href":"https:\/\/api.w.org\/{rel}","templated":true}]}}