{"id":733,"date":"2024-06-15T09:27:46","date_gmt":"2024-06-15T09:27:46","guid":{"rendered":"https:\/\/boutiqueyachting.com\/luxus-privat-charter\/"},"modified":"2024-12-12T07:53:01","modified_gmt":"2024-12-12T07:53:01","slug":"luxus-privat-charter","status":"publish","type":"page","link":"https:\/\/boutiqueyachting.com\/de\/luxus-privat-charter\/","title":{"rendered":"Luxus Privat Charter"},"content":{"rendered":"<section class=\"l-section wpb_row us_custom_fae7d89a height_auto\"><div class=\"l-section-overlay\" style=\"background:rgba(0,0,0,0.40)\"><\/div><div class=\"l-section-h i-cf\"><div class=\"g-cols vc_row via_flex valign_middle type_default stacking_default\"><div class=\"vc_col-sm-12 wpb_column vc_column_container\"><div class=\"vc_column-inner us_custom_78a6c19c\"><div class=\"wpb_wrapper\"><div class=\"w-separator size_custom\" style=\"height:var(--height-3-2)\"><\/div><h1 class=\"w-text us_custom_9ea56881 has_text_color\"><span class=\"w-text-h\"><span class=\"w-text-value\">Luxus Privat Charter<\/span><\/span><\/h1><div class=\"w-separator size_custom\" style=\"height:var(--height-2-2)\"><\/div><div class=\"w-text us_custom_b93616c3 has_text_color\"><span class=\"w-text-h\"><span class=\"w-text-value\">Halbtags-Charter, Ganztags-Charter,<br \/>\u00dcbernachtungscharter, Tauchcharter und mehr<br \/>Veranstaltungen &#038; Feiern<\/span><\/span><\/div><div class=\"w-separator size_custom\" style=\"height:var(--height-3-2)\"><\/div><\/div><\/div><\/div><\/div><\/div><\/section><section class=\"l-section wpb_row us_custom_1f5f827b height_medium color_primary\"><div class=\"l-section-h i-cf\"><div class=\"g-cols vc_row via_flex valign_top type_default stacking_default\"><div class=\"vc_col-sm-12 wpb_column vc_column_container\"><div class=\"vc_column-inner\"><div class=\"wpb_wrapper\"><div class=\"w-actionbox color_primary controls_right\"><div class=\"w-actionbox-text\"><h2 class=\"w-actionbox-title\" style=\"font-size:max( 2rem, 4.5vh )\">Buche noch heute einen privaten Luxus-Charter!<\/h2><\/div><div class=\"w-actionbox-controls\"><a class=\"w-btn us-btn-style_4\" href=\"https:\/\/dev.boutiqueyachting.com\/de\/charter-buchungsanfrage\/\" style=\"font-size:1.2rem;\"><span class=\"w-btn-label\">Jetzt nachfragen!<\/span><\/a><\/div><\/div><\/div><\/div><\/div><\/div><\/div><\/section><section class=\"l-section wpb_row us_custom_cb08ffd1 has_text_color height_medium\"><div class=\"l-section-h i-cf\"><div class=\"g-cols vc_row via_flex valign_middle type_default stacking_default\"><div class=\"vc_col-sm-12 vc_col-lg-6 vc_col-md-6 wpb_column vc_column_container\"><div class=\"vc_column-inner\"><div class=\"wpb_wrapper\"><div class=\"w-image align_center\"><a ref=\"magnificPopup\" href=\"https:\/\/boutiqueyachting.com\/wp-content\/uploads\/2024\/12\/Half-Day-Private-Charter-Front-01.jpg\" aria-label=\"Half Day Private Charter Front 01\" class=\"w-image-h\"><img decoding=\"async\" width=\"960\" height=\"640\" src=\"https:\/\/boutiqueyachting.com\/wp-content\/uploads\/2024\/12\/Half-Day-Private-Charter-Front-01.jpg\" class=\"attachment-full size-full\" alt=\"Half Day Private Charter\" loading=\"lazy\" srcset=\"https:\/\/boutiqueyachting.com\/wp-content\/uploads\/2024\/12\/Half-Day-Private-Charter-Front-01.jpg 960w, https:\/\/boutiqueyachting.com\/wp-content\/uploads\/2024\/12\/Half-Day-Private-Charter-Front-01-300x200.jpg 300w, https:\/\/boutiqueyachting.com\/wp-content\/uploads\/2024\/12\/Half-Day-Private-Charter-Front-01-560x374.jpg 560w, https:\/\/boutiqueyachting.com\/wp-content\/uploads\/2024\/12\/Half-Day-Private-Charter-Front-01-460x307.jpg 460w, https:\/\/boutiqueyachting.com\/wp-content\/uploads\/2024\/12\/Half-Day-Private-Charter-Front-01-600x400.jpg 600w, https:\/\/boutiqueyachting.com\/wp-content\/uploads\/2024\/12\/Half-Day-Private-Charter-Front-01-135x90.jpg 135w\" sizes=\"auto, (max-width: 960px) 100vw, 960px\" \/><\/a><\/div><\/div><\/div><\/div><div class=\"vc_col-sm-12 vc_col-lg-6 vc_col-md-6 wpb_column vc_column_container\"><div class=\"vc_column-inner\"><div class=\"wpb_wrapper\"><h3 class=\"w-text\"><span class=\"w-text-h\"><span class=\"w-text-value\">Halbtags-Privat-Charter<\/span><\/span><\/h3><div class=\"w-separator size_small\"><\/div><div class=\"wpb_text_column us_custom_b70929e7\"><div class=\"wpb_wrapper\"><p>Wenn du ein aufregendes Erlebnis haben m\u00f6chtest, aber nicht viel Zeit hast, solltest du unsere halbt\u00e4gigen Privatcharter in Betracht ziehen. Genie\u00dfe die Pracht von Koh Samui mit erstklassigem Service, fantastischer K\u00fcche und unvergesslichen Erinnerungen. W\u00e4hle zwischen einer morgendlichen Fahrt mit Fr\u00fchst\u00fcck und Sonnenbaden oder einer Fahrt zum Sonnenuntergang mit Mittagessen und atemberaubenden Aussichten. Beide Optionen beinhalten Hoteltransfers, Snacks, Getr\u00e4nke und individuell anpassbare Aktivit\u00e4ten und sorgen f\u00fcr ein perfektes, pers\u00f6nliches Abenteuer in den unber\u00fchrten Gew\u00e4ssern Thailands.<\/p>\n<\/div><\/div><div class=\"w-separator size_small\"><\/div><div class=\"w-btn-wrapper align_none\"><a class=\"w-btn us-btn-style_3\" href=\"\/de\/halbtags-charter\/\"><span class=\"w-btn-label\">Entdecken &amp; Nachfragen<\/span><\/a><\/div><\/div><\/div><\/div><\/div><\/div><\/section><section class=\"l-section wpb_row us_custom_9020e1f9 has_text_color height_medium\"><div class=\"l-section-h i-cf\"><div class=\"g-cols vc_row via_flex valign_middle type_default reversed stacking_default\"><div class=\"vc_col-sm-12 vc_col-lg-6 vc_col-md-6 wpb_column vc_column_container\"><div class=\"vc_column-inner\"><div class=\"wpb_wrapper\"><h3 class=\"w-text\"><span class=\"w-text-h\"><span class=\"w-text-value\">Ganzt\u00e4giger Privat-Charter<\/span><\/span><\/h3><div class=\"w-separator size_small\"><\/div><div class=\"wpb_text_column us_custom_b70929e7\"><div class=\"wpb_wrapper\"><p>Begib dich auf ein unvergessliches Abenteuer mit unserem ganzt\u00e4gigen privaten Charter in Koh Samui. W\u00e4hle zwischen der ruhigen Insel Samui oder Koh Phangan oder erkunde den majest\u00e4tischen Ang Thong Marine Park. Entspanne dich an einsamen Str\u00e4nden, schnorchle im warmen Wasser oder fahre mit dem Kajak durch die kristallklare See. Genie\u00dfe eine ma\u00dfgeschneiderte Reiseroute, Gourmet-Mahlzeiten und au\u00dfergew\u00f6hnlichen Service. Beende deinen Tag mit einem atemberaubenden Sonnenuntergang \u00fcber dem Wasser und schaffe Erinnerungen, die ein Leben lang halten werden.<\/p>\n<\/div><\/div><div class=\"w-separator size_small\"><\/div><div class=\"w-btn-wrapper align_none\"><a class=\"w-btn us-btn-style_1\" href=\"\/de\/ganztaegiger-privat-charter\/\"><span class=\"w-btn-label\">Entdecken &amp; Nachfragen<\/span><\/a><\/div><\/div><\/div><\/div><div class=\"vc_col-sm-12 vc_col-lg-6 vc_col-md-6 wpb_column vc_column_container\"><div class=\"vc_column-inner\"><div class=\"wpb_wrapper\"><div class=\"w-image align_center\"><a ref=\"magnificPopup\" href=\"https:\/\/boutiqueyachting.com\/wp-content\/uploads\/2024\/12\/Full-Day-Private-Charter-Front-01.jpg\" aria-label=\"Full Day Private Charter Front 01\" class=\"w-image-h\"><img decoding=\"async\" width=\"960\" height=\"640\" src=\"https:\/\/boutiqueyachting.com\/wp-content\/uploads\/2024\/12\/Full-Day-Private-Charter-Front-01.jpg\" class=\"attachment-full size-full\" alt=\"Full Day Private Charter\" loading=\"lazy\" srcset=\"https:\/\/boutiqueyachting.com\/wp-content\/uploads\/2024\/12\/Full-Day-Private-Charter-Front-01.jpg 960w, https:\/\/boutiqueyachting.com\/wp-content\/uploads\/2024\/12\/Full-Day-Private-Charter-Front-01-300x200.jpg 300w, https:\/\/boutiqueyachting.com\/wp-content\/uploads\/2024\/12\/Full-Day-Private-Charter-Front-01-560x374.jpg 560w, https:\/\/boutiqueyachting.com\/wp-content\/uploads\/2024\/12\/Full-Day-Private-Charter-Front-01-460x307.jpg 460w, https:\/\/boutiqueyachting.com\/wp-content\/uploads\/2024\/12\/Full-Day-Private-Charter-Front-01-600x400.jpg 600w, https:\/\/boutiqueyachting.com\/wp-content\/uploads\/2024\/12\/Full-Day-Private-Charter-Front-01-135x90.jpg 135w\" sizes=\"auto, (max-width: 960px) 100vw, 960px\" \/><\/a><\/div><\/div><\/div><\/div><\/div><\/div><\/section><section class=\"l-section wpb_row us_custom_cb08ffd1 has_text_color height_medium\"><div class=\"l-section-h i-cf\"><div class=\"g-cols vc_row via_flex valign_middle type_default stacking_default\"><div class=\"vc_col-sm-12 vc_col-lg-6 vc_col-md-6 wpb_column vc_column_container\"><div class=\"vc_column-inner\"><div class=\"wpb_wrapper\"><div class=\"w-image align_center\"><a ref=\"magnificPopup\" href=\"https:\/\/boutiqueyachting.com\/wp-content\/uploads\/2024\/12\/Samui-Sunset-Cruise-Front-01.jpg\" aria-label=\"Samui Sunset Cruise Front 01\" class=\"w-image-h\"><img decoding=\"async\" width=\"960\" height=\"640\" src=\"https:\/\/boutiqueyachting.com\/wp-content\/uploads\/2024\/12\/Samui-Sunset-Cruise-Front-01.jpg\" class=\"attachment-full size-full\" alt=\"Samui Sunset Cruise\" loading=\"lazy\" srcset=\"https:\/\/boutiqueyachting.com\/wp-content\/uploads\/2024\/12\/Samui-Sunset-Cruise-Front-01.jpg 960w, https:\/\/boutiqueyachting.com\/wp-content\/uploads\/2024\/12\/Samui-Sunset-Cruise-Front-01-300x200.jpg 300w, https:\/\/boutiqueyachting.com\/wp-content\/uploads\/2024\/12\/Samui-Sunset-Cruise-Front-01-560x374.jpg 560w, https:\/\/boutiqueyachting.com\/wp-content\/uploads\/2024\/12\/Samui-Sunset-Cruise-Front-01-460x307.jpg 460w, https:\/\/boutiqueyachting.com\/wp-content\/uploads\/2024\/12\/Samui-Sunset-Cruise-Front-01-600x400.jpg 600w, https:\/\/boutiqueyachting.com\/wp-content\/uploads\/2024\/12\/Samui-Sunset-Cruise-Front-01-135x90.jpg 135w\" sizes=\"auto, (max-width: 960px) 100vw, 960px\" \/><\/a><\/div><\/div><\/div><\/div><div class=\"vc_col-sm-12 vc_col-lg-6 vc_col-md-6 wpb_column vc_column_container\"><div class=\"vc_column-inner\"><div class=\"wpb_wrapper\"><h3 class=\"w-text\"><span class=\"w-text-h\"><span class=\"w-text-value\">Sonnenuntergang Privat Charter<\/span><\/span><\/h3><div class=\"w-separator size_small\"><\/div><div class=\"wpb_text_column us_custom_b70929e7\"><div class=\"wpb_wrapper\"><p>Begib dich auf eine unvergessliche Reise mit unserem Sunset Boutique Private Charter in Koh Samui. Diese individuell gestaltbare Kreuzfahrt f\u00fcr bis zu 50 G\u00e4ste f\u00fchrt dich entlang der n\u00f6rdlichen Buchten und bietet einen atemberaubenden Blick auf die ber\u00fchmten Sonnenunterg\u00e4nge von Koh Samui. Genie\u00dfe ein leichtes Abendessen mit Fingerfood und eine Auswahl an alkoholischen Getr\u00e4nken, darunter Wein, Bier und Sekt. Hast du spezielle W\u00fcnsche f\u00fcr Essen oder Getr\u00e4nke? Sag uns Bescheid, und wir gehen auf deine W\u00fcnsche ein.<\/p>\n<\/div><\/div><div class=\"w-separator size_small\"><\/div><div class=\"w-btn-wrapper align_none\"><a class=\"w-btn us-btn-style_3\" href=\"\/de\/sonnenuntergang-privat-charter\/\"><span class=\"w-btn-label\">Entdecken &amp; Nachfragen<\/span><\/a><\/div><\/div><\/div><\/div><\/div><\/div><\/section><section class=\"l-section wpb_row us_custom_9020e1f9 has_text_color height_medium\"><div class=\"l-section-h i-cf\"><div class=\"g-cols vc_row via_flex valign_middle type_default reversed stacking_default\"><div class=\"vc_col-sm-12 vc_col-lg-6 vc_col-md-6 wpb_column vc_column_container\"><div class=\"vc_column-inner\"><div class=\"wpb_wrapper\"><h4 class=\"w-text us_custom_09cae746\"><span class=\"w-text-h\"><span class=\"w-text-value\">Hochzeit Privat-Charter<\/span><\/span><\/h4><div class=\"w-separator size_small\"><\/div><div class=\"wpb_text_column us_custom_b70929e7\"><div class=\"wpb_wrapper\"><p>Stell dir eine Hochzeit an Bord einer Luxusyacht in den unber\u00fchrten Gew\u00e4ssern von Koh Samui vor. Mach deinen besonderen Tag au\u00dfergew\u00f6hnlich mit einer Feier auf der Naga, einer Luxusyacht, die dir zur Verf\u00fcgung steht. Vom Petcherat Pier aus bringen wir dich zu einem Ort deiner Wahl und sorgen f\u00fcr Getr\u00e4nke, Unterhaltung und pers\u00f6nliche Betreuung. Von DJs bis hin zu Fotografen erf\u00fcllen wir alle deine W\u00fcnsche. Feiere Jubil\u00e4en, Geburtstage und mehr mit einem ma\u00dfgeschneiderten Charter und genie\u00dfe dabei Gourmetk\u00fcche und atemberaubende Aussichten. Warum sich mit dem Gew\u00f6hnlichen zufrieden geben, wenn deine Feier au\u00dfergew\u00f6hnlich sein kann?<\/p>\n<\/div><\/div><div class=\"w-separator size_small\"><\/div><div class=\"w-btn-wrapper align_none\"><a class=\"w-btn us-btn-style_1\" href=\"\/de\/hochzeit-privat-charter\/\"><span class=\"w-btn-label\">Entdecken &amp; Nachfragen<\/span><\/a><\/div><\/div><\/div><\/div><div class=\"vc_col-sm-12 vc_col-lg-6 vc_col-md-6 wpb_column vc_column_container\"><div class=\"vc_column-inner\"><div class=\"wpb_wrapper\"><div class=\"w-image align_center\"><a ref=\"magnificPopup\" href=\"https:\/\/boutiqueyachting.com\/wp-content\/uploads\/2024\/12\/Wedding-Private-Charter-Front-02.jpg\" aria-label=\"Wedding Private Charter Front 02\" class=\"w-image-h\"><img decoding=\"async\" width=\"960\" height=\"640\" src=\"https:\/\/boutiqueyachting.com\/wp-content\/uploads\/2024\/12\/Wedding-Private-Charter-Front-02.jpg\" class=\"attachment-full size-full\" alt=\"Wedding Private Charter\" loading=\"lazy\" srcset=\"https:\/\/boutiqueyachting.com\/wp-content\/uploads\/2024\/12\/Wedding-Private-Charter-Front-02.jpg 960w, https:\/\/boutiqueyachting.com\/wp-content\/uploads\/2024\/12\/Wedding-Private-Charter-Front-02-300x200.jpg 300w, https:\/\/boutiqueyachting.com\/wp-content\/uploads\/2024\/12\/Wedding-Private-Charter-Front-02-560x374.jpg 560w, https:\/\/boutiqueyachting.com\/wp-content\/uploads\/2024\/12\/Wedding-Private-Charter-Front-02-460x307.jpg 460w, https:\/\/boutiqueyachting.com\/wp-content\/uploads\/2024\/12\/Wedding-Private-Charter-Front-02-600x400.jpg 600w, https:\/\/boutiqueyachting.com\/wp-content\/uploads\/2024\/12\/Wedding-Private-Charter-Front-02-135x90.jpg 135w\" sizes=\"auto, (max-width: 960px) 100vw, 960px\" \/><\/a><\/div><\/div><\/div><\/div><\/div><\/div><\/section><section class=\"l-section wpb_row us_custom_cb08ffd1 has_text_color height_medium\"><div class=\"l-section-h i-cf\"><div class=\"g-cols vc_row via_flex valign_middle type_default stacking_default\"><div class=\"vc_col-sm-12 vc_col-lg-6 vc_col-md-6 wpb_column vc_column_container\"><div class=\"vc_column-inner\"><div class=\"wpb_wrapper\"><div class=\"w-image align_center\"><a ref=\"magnificPopup\" href=\"https:\/\/boutiqueyachting.com\/wp-content\/uploads\/2024\/12\/Wedding-Private-Charter-Front-01.jpg\" aria-label=\"Wedding Private Charter Front 01\" class=\"w-image-h\"><img decoding=\"async\" width=\"960\" height=\"640\" src=\"https:\/\/boutiqueyachting.com\/wp-content\/uploads\/2024\/12\/Wedding-Private-Charter-Front-01.jpg\" class=\"attachment-full size-full\" alt=\"Wedding Private Charter\" loading=\"lazy\" srcset=\"https:\/\/boutiqueyachting.com\/wp-content\/uploads\/2024\/12\/Wedding-Private-Charter-Front-01.jpg 960w, https:\/\/boutiqueyachting.com\/wp-content\/uploads\/2024\/12\/Wedding-Private-Charter-Front-01-300x200.jpg 300w, https:\/\/boutiqueyachting.com\/wp-content\/uploads\/2024\/12\/Wedding-Private-Charter-Front-01-560x374.jpg 560w, https:\/\/boutiqueyachting.com\/wp-content\/uploads\/2024\/12\/Wedding-Private-Charter-Front-01-460x307.jpg 460w, https:\/\/boutiqueyachting.com\/wp-content\/uploads\/2024\/12\/Wedding-Private-Charter-Front-01-600x400.jpg 600w, https:\/\/boutiqueyachting.com\/wp-content\/uploads\/2024\/12\/Wedding-Private-Charter-Front-01-135x90.jpg 135w\" sizes=\"auto, (max-width: 960px) 100vw, 960px\" \/><\/a><\/div><\/div><\/div><\/div><div class=\"vc_col-sm-12 vc_col-lg-6 vc_col-md-6 wpb_column vc_column_container\"><div class=\"vc_column-inner\"><div class=\"wpb_wrapper\"><h3 class=\"w-text\"><span class=\"w-text-h\"><span class=\"w-text-value\">Privat-Charter \u00fcber Nacht<\/span><\/span><\/h3><div class=\"w-separator size_small\"><\/div><div class=\"wpb_text_column us_custom_b70929e7\"><div class=\"wpb_wrapper\"><p>Hast du dich jemals gefragt, wie es ist, mit dem sanften Wiegen der Wellen einzuschlafen und mit dem Sonnenaufgang auf dem Meer aufzuwachen? Unser Nachtcharter bietet dir diese ruhige Flucht. Erlebe bis zu f\u00fcnf Tage an Bord einer Luxusyacht und erkunde die unber\u00fchrten Gew\u00e4sser von Koh Samui. Passe dein Abenteuer an, vom Besuch des Ang Thong Marine Parks bis zur Erkundung von Koh Tao. Genie\u00dfe Gourmet-Mahlzeiten, luxuri\u00f6se Suiten und endlose Aktivit\u00e4ten. Beginne deine Reise mit uns und erlebe das ultimative Abenteuer auf See.<\/p>\n<\/div><\/div><div class=\"w-separator size_small\"><\/div><div class=\"w-btn-wrapper align_none\"><a class=\"w-btn us-btn-style_3\" href=\"\/de\/privat-charter-ueber-nacht\/\"><span class=\"w-btn-label\">Entdecken &amp; Nachfragen<\/span><\/a><\/div><\/div><\/div><\/div><\/div><\/div><\/section>\n","protected":false},"excerpt":{"rendered":"Luxus Privat CharterHalbtags-Charter, Ganztags-Charter,\u00dcbernachtungscharter, Tauchcharter und mehrVeranstaltungen &#038; FeiernBuche noch heute einen privaten Luxus-Charter!Jetzt nachfragen!Halbtags-Privat-CharterWenn du ein aufregendes Erlebnis haben m\u00f6chtest, aber nicht viel Zeit hast, solltest du unsere halbt\u00e4gigen Privatcharter in Betracht ziehen. Genie\u00dfe die Pracht von Koh Samui mit erstklassigem Service, fantastischer K\u00fcche und unvergesslichen Erinnerungen. W\u00e4hle zwischen einer morgendlichen Fahrt mit Fr\u00fchst\u00fcck...","protected":false},"author":7,"featured_media":675,"parent":0,"menu_order":0,"comment_status":"closed","ping_status":"closed","template":"","meta":{"_acf_changed":false,"footnotes":""},"class_list":["post-733","page","type-page","status-publish","has-post-thumbnail","hentry"],"acf":[],"_links":{"self":[{"href":"https:\/\/boutiqueyachting.com\/de\/wp-json\/wp\/v2\/pages\/733","targetHints":{"allow":["GET"]}}],"collection":[{"href":"https:\/\/boutiqueyachting.com\/de\/wp-json\/wp\/v2\/pages"}],"about":[{"href":"https:\/\/boutiqueyachting.com\/de\/wp-json\/wp\/v2\/types\/page"}],"author":[{"embeddable":true,"href":"https:\/\/boutiqueyachting.com\/de\/wp-json\/wp\/v2\/users\/7"}],"replies":[{"embeddable":true,"href":"https:\/\/boutiqueyachting.com\/de\/wp-json\/wp\/v2\/comments?post=733"}],"version-history":[{"count":4,"href":"https:\/\/boutiqueyachting.com\/de\/wp-json\/wp\/v2\/pages\/733\/revisions"}],"predecessor-version":[{"id":982,"href":"https:\/\/boutiqueyachting.com\/de\/wp-json\/wp\/v2\/pages\/733\/revisions\/982"}],"wp:featuredmedia":[{"embeddable":true,"href":"https:\/\/boutiqueyachting.com\/de\/wp-json\/wp\/v2\/media\/675"}],"wp:attachment":[{"href":"https:\/\/boutiqueyachting.com\/de\/wp-json\/wp\/v2\/media?parent=733"}],"curies":[{"name":"wp","href":"https:\/\/api.w.org\/{rel}","templated":true}]}}