{"id":693,"date":"2024-02-06T09:05:19","date_gmt":"2024-02-06T09:05:19","guid":{"rendered":"https:\/\/boutiqueyachting.com\/angthong-discovery-day-cruise\/"},"modified":"2025-08-08T12:10:03","modified_gmt":"2025-08-08T05:10:03","slug":"angthong-discovery-day-cruise","status":"publish","type":"product","link":"https:\/\/boutiqueyachting.com\/de\/angthong-discovery-day-cruise\/","title":{"rendered":"Angthong Marine Park Discovery Day Cruise"},"content":{"rendered":"<h2>Segel setzen zum Ang Thong Marine Park<\/h2>\n<p>Die Kreuzfahrt zum Ang Thong Marine Park beginnt damit, dass du am Petchart Pier an Bord unserer Yacht gehst. Nachdem du an Bord begr\u00fc\u00dft und von unserer mehrsprachigen Crew mit den Sicherheitsvorkehrungen, Einrichtungen und Vorz\u00fcgen unseres fabelhaften Schiffes vertraut gemacht wurdest, setzen wir die Segel in Richtung des wundersch\u00f6nen Parks.<\/p>\n<p>W\u00e4hrend wir segeln, kannst du die Yacht nach Herzenslust erkunden. Du kannst auf dem Deck spazieren gehen, dich an einem der vielen schattigen Pl\u00e4tze an Bord entspannen oder einfach nur die atemberaubende Aussicht genie\u00dfen, die dich auf dem Weg zu unserem Ziel erwartet.<\/p>\n<h2>Das Geschenk der Natur erkunden &#8211; Ang Thong Marine Park<\/h2>\n<p>Wenn du im Park ankommst, kannst du zun\u00e4chst das warme und einladende Wasser bei einem kurzen Bad genie\u00dfen, bevor wir dich zu den vielen Inseln und Attraktionen bringen, die dich hier erwarten. Abgesehen von der wundersch\u00f6nen Umgebung des Parks gibt es hier auch eine Menge zu tun.<\/p>\n<p>Du kannst die vielen Stufen zur Spitze von Koh Mae Koh erklimmen, wo du den Blick auf die Inseln aus einer anderen Perspektive genie\u00dfen kannst. Beobachte, wie die Sonne auf der glasgr\u00fcnen Oberfl\u00e4che des wundersch\u00f6nen Smaragdsees schimmert, w\u00e4hrend du die frische salzige Seeluft einatmest und die \u00fcppige tropische Vegetation um dich herum bewunderst.<\/p>\n<p>Nachdem du dich an den Wundern der Natur satt gesehen hast, wirst du mit dem fabelhaften Mittagsbuffet unserer Boutique Yachting verw\u00f6hnt. Lass dich von den Aromen der Inseln verzaubern, w\u00e4hrend wir dir eine Reihe k\u00f6stlicher lokaler Spezialit\u00e4ten pr\u00e4sentieren, die unsere Privatk\u00f6che speziell f\u00fcr dich zubereitet haben.<\/p>\n<p>W\u00e4hrend du dein Essen genie\u00dft, f\u00fchrt dich unser Kapit\u00e4n in einem gem\u00e4chlichen Tempo durch den Park. So hast du die M\u00f6glichkeit, die kulinarischen K\u00f6stlichkeiten vor dir zu genie\u00dfen und die Sch\u00f6nheit der Natur um dich herum zu bewundern.<\/p>\n<h2>Ein Tag voller Wunder, Entspannung und Erinnerungen in Ang Thong<\/h2>\n<p>Auf dem Weg zum Wua Talab, einem ruhigen Strand auf dieser Inselgruppe, hast du die M\u00f6glichkeit, den Rest des Tages nach Belieben zu verbringen. Du kannst ein weiteres Bad im klaren Wasser nahe der Insel nehmen oder dich einfach im Sand entspannen und deine Br\u00e4une perfektionieren. Du kannst auch auf dem Boot bleiben und in aller Ruhe faulenzen und alles genie\u00dfen, was die Natur dir bietet.<\/p>\n<p>Deine Freude und dein Vergn\u00fcgen an dieser Tour ist unser Hauptziel, und das, was du dir davon w\u00fcnschst, wollen wir dir geben. Erfahre von unseren sachkundigen Guides mehr \u00fcber die Inseln, genie\u00dfe eine ruhige Zeit allein mit der Meeresbrise in deinem Gesicht, sp\u00fcre das warme Wasser der Inseln um dich herum &#8211; du hast die Wahl.<\/p>\n<p>Unsere Reise endet damit, dass dich unsere fachkundige Crew zur\u00fcck an Land bringt, w\u00e4hrend du den atemberaubenden Sonnenuntergang auf dieser majest\u00e4tischen Fahrt deines Lebens betrachtest. Diese Tagestour sollte auf jeden Fall auf deiner Liste stehen, wenn du Thailand besuchst und deine aufregenden Abenteuer auf Koh Samui planst.<\/p>\n","protected":false},"excerpt":{"rendered":"<p><span class=\"my-short-description\">Erwachsene (ab 12 Jahren) \/ Kinder (5 \u2013 11 Jahre) \/ Kleinkinder (0 \u2013 4 Jahre)<br \/>\n<strong>Zur \u00dcberpr\u00fcfung des Alters ist eine Kopie des Reisepasses aller Kinder erforderlich.<\/strong><\/span><\/p>\n","protected":false},"featured_media":590,"template":"","meta":{"_acf_changed":false},"product_brand":[],"product_cat":[32],"product_tag":[],"class_list":{"0":"post-693","1":"product","2":"type-product","3":"status-publish","4":"has-post-thumbnail","6":"product_cat-geplante-kreuzfahrten","8":"first","9":"instock","10":"virtual","11":"purchasable","12":"product-type-simple"},"acf":[],"_links":{"self":[{"href":"https:\/\/boutiqueyachting.com\/de\/wp-json\/wp\/v2\/product\/693","targetHints":{"allow":["GET"]}}],"collection":[{"href":"https:\/\/boutiqueyachting.com\/de\/wp-json\/wp\/v2\/product"}],"about":[{"href":"https:\/\/boutiqueyachting.com\/de\/wp-json\/wp\/v2\/types\/product"}],"wp:featuredmedia":[{"embeddable":true,"href":"https:\/\/boutiqueyachting.com\/de\/wp-json\/wp\/v2\/media\/590"}],"wp:attachment":[{"href":"https:\/\/boutiqueyachting.com\/de\/wp-json\/wp\/v2\/media?parent=693"}],"wp:term":[{"taxonomy":"product_brand","embeddable":true,"href":"https:\/\/boutiqueyachting.com\/de\/wp-json\/wp\/v2\/product_brand?post=693"},{"taxonomy":"product_cat","embeddable":true,"href":"https:\/\/boutiqueyachting.com\/de\/wp-json\/wp\/v2\/product_cat?post=693"},{"taxonomy":"product_tag","embeddable":true,"href":"https:\/\/boutiqueyachting.com\/de\/wp-json\/wp\/v2\/product_tag?post=693"}],"curies":[{"name":"wp","href":"https:\/\/api.w.org\/{rel}","templated":true}]}}