{"id":698,"date":"2024-02-06T09:06:23","date_gmt":"2024-02-06T09:06:23","guid":{"rendered":"https:\/\/boutiqueyachting.com\/koh-phangan-boutique-cruise\/"},"modified":"2024-12-12T08:10:58","modified_gmt":"2024-12-12T08:10:58","slug":"koh-phangan-boutique-cruise","status":"publish","type":"product","link":"https:\/\/boutiqueyachting.com\/de\/koh-phangan-boutique-cruise\/","title":{"rendered":"Koh Phangan Boutique Cruise"},"content":{"rendered":"<h2>Koh Phangan Boutique Discovery Cruise<\/h2>\n<p>Die Koh Phangan Boutique Cruise findet jeden Montag und Donnerstag von 8:30 Uhr bis ca. 18:30 Uhr statt. Fahre von Koh Samui nach Koh Phangan und genie\u00dfe dabei die atemberaubende Aussicht auf die tropischen Inseln und die wundersch\u00f6nen Str\u00e4nde. Erlebe hervorragenden Service und Komfort und genie\u00dfe alle Vorz\u00fcge unserer t\u00fcrkischen Gullet Naga auf einer Tageskreuzfahrt um Koh Phangan.<\/p>\n<h2>Atemberaubende Str\u00e4nde und fantastisches Schnorcheln<\/h2>\n<p>Wir halten an einem wundersch\u00f6nen Riff, um beim Schnorcheln die Unterwasserwelt zu erkunden und bunte Fische, Korallen und Seeanemonen im klaren Wasser zu bewundern. Wenn du keine Lust hast, etwas unter der Wasseroberfl\u00e4che zu entdecken, kannst du dich einfach in der fantastischen Gastfreundschaft an Bord der Naga entspannen oder ein erfrischendes Bad im ruhigen Wasser nehmen.<\/p>\n<p>Nach dem Schnorchelstopp mit Schwimmen oder einfach nur Entspannen ist es Zeit f\u00fcr ein k\u00f6stliches Thai-Mittagsbuffet an Bord, w\u00e4hrend wir zu unserem n\u00e4chsten Ziel abfahren. Genie\u00dfe ein mehrg\u00e4ngiges Buffet mit verschiedenen thail\u00e4ndischen Gerichten. Wenn du besondere Ern\u00e4hrungsw\u00fcnsche hast, lass es uns bitte wissen!<\/p>\n<h2>Ein unvergessliches Erlebnis<\/h2>\n<p>Nach dem Mittagessen steuern wir unser n\u00e4chstes Ziel an. Ein wundersch\u00f6ner, feinsandiger Strand, perfekt zum Sonnenbaden, Schwimmen und Entspannen. Genie\u00dfe die Zeit mit einem Cocktail oder einer Massage am Strand, um deinen Entspannungsgrad zu maximieren.<\/p>\n<p>Am Nachmittag ist es an der Zeit, wieder an Bord der Naga zu gehen und zur\u00fcck nach Koh Samui zu fahren. Wir kreuzen entlang der felsigen Buchten von Koh Phangan und fahren mit dem Sonnenuntergang zur\u00fcck nach Bangrak, von wo aus wir am Morgen zu einem unvergesslichen Ausflug aufgebrochen sind. Wir kommen gegen 18:30 Uhr wieder am Pier an und bringen dich zu deinem Hotel\/Unterkunft zur\u00fcck.<\/p>\n","protected":false},"excerpt":{"rendered":"<p><span class=\"my-short-description\">Erwachsene (ab 12 Jahren) \/ Kinder (5 \u2013 11 Jahre) \/ Kleinkinder (0 \u2013 4 Jahre)<br \/>\n<strong>Zur \u00dcberpr\u00fcfung des Alters ist eine Kopie des Reisepasses aller Kinder erforderlich.<\/strong><\/span><\/p>\n","protected":false},"featured_media":553,"template":"","meta":{"_acf_changed":false},"product_brand":[],"product_cat":[32],"product_tag":[],"class_list":{"0":"post-698","1":"product","2":"type-product","3":"status-publish","4":"has-post-thumbnail","6":"product_cat-geplante-kreuzfahrten","8":"first","9":"instock","10":"virtual","11":"purchasable","12":"product-type-simple"},"acf":[],"_links":{"self":[{"href":"https:\/\/boutiqueyachting.com\/de\/wp-json\/wp\/v2\/product\/698","targetHints":{"allow":["GET"]}}],"collection":[{"href":"https:\/\/boutiqueyachting.com\/de\/wp-json\/wp\/v2\/product"}],"about":[{"href":"https:\/\/boutiqueyachting.com\/de\/wp-json\/wp\/v2\/types\/product"}],"wp:featuredmedia":[{"embeddable":true,"href":"https:\/\/boutiqueyachting.com\/de\/wp-json\/wp\/v2\/media\/553"}],"wp:attachment":[{"href":"https:\/\/boutiqueyachting.com\/de\/wp-json\/wp\/v2\/media?parent=698"}],"wp:term":[{"taxonomy":"product_brand","embeddable":true,"href":"https:\/\/boutiqueyachting.com\/de\/wp-json\/wp\/v2\/product_brand?post=698"},{"taxonomy":"product_cat","embeddable":true,"href":"https:\/\/boutiqueyachting.com\/de\/wp-json\/wp\/v2\/product_cat?post=698"},{"taxonomy":"product_tag","embeddable":true,"href":"https:\/\/boutiqueyachting.com\/de\/wp-json\/wp\/v2\/product_tag?post=698"}],"curies":[{"name":"wp","href":"https:\/\/api.w.org\/{rel}","templated":true}]}}