{"id":699,"date":"2024-02-06T09:07:13","date_gmt":"2024-02-06T09:07:13","guid":{"rendered":"https:\/\/boutiqueyachting.com\/samui-island-cruise-pig-island\/"},"modified":"2024-12-12T08:10:34","modified_gmt":"2024-12-12T08:10:34","slug":"samui-island-ausflug-schweineinsel","status":"publish","type":"product","link":"https:\/\/boutiqueyachting.com\/de\/samui-island-ausflug-schweineinsel\/","title":{"rendered":"Samui Island Ausflug &#038; Schweineinsel"},"content":{"rendered":"<h2>Samui Pig Island Cruise nach Koh Taen &amp; Koh Matsum<\/h2>\n<p>Hier bei Boutique Yachting lieben wir es, um Koh Samui zu segeln und die Insel aus einem anderen Blickwinkel zu erleben. Wenn du einen Tag Zeit hast und die Sch\u00f6nheit des Golfs von Thailand genie\u00dfen m\u00f6chtest, dann ist die Samui Island Tour genau das Richtige f\u00fcr dich.<\/p>\n<p>Steig an Bord einer unserer gut ausgestatteten Yachten und lass dich von der majest\u00e4tischen Kulisse verzaubern, w\u00e4hrend wir vom Petcherat Pier aus die Str\u00e4nde von Koh Samui entlangfahren.<\/p>\n<p>Lass dich von unserer mehrsprachigen Crew begr\u00fc\u00dfen, lass dich \u00fcber die Sicherheit an Bord informieren und w\u00e4hle zwischen schattigen oder sonnigen Pl\u00e4tzen auf dem Freideck, um dich zu entspannen und zu genie\u00dfen, w\u00e4hrend wir in See stechen.<\/p>\n<h2>Die nat\u00fcrliche Sch\u00f6nheit der s\u00fcdlichen Inseln von Samui<\/h2>\n<p>Nach einer gem\u00fctlichen Fahrt auf den schaukelnden Wellen erreichen wir die s\u00fcdlichen Inseln von Koh Madsum, einen wahren Schatz im Golf von Thailand. Hier kannst du dich voll und ganz entspannen und am weichen wei\u00dfen Sandstrand dahinschmelzen.<\/p>\n<p>Mit ihrem urspr\u00fcnglichen Charme und ihrer nat\u00fcrlichen Sch\u00f6nheit unterscheidet sich Koh Madsum the Islands deutlich von den vielen \u00fcberkommerzialisierten Inseln und bietet Besuchern das einmalige Erlebnis einer ruhigen Schatzinsel. Nachdem du dich von Koh Madsum inspirieren lassen hast, ist es an der Zeit, wieder an Bord der Yacht zu gehen und das n\u00e4chste Ziel anzusteuern.<\/p>\n<p>W\u00e4hrenddessen bist du eingeladen, dich an unserem thail\u00e4ndischen Mittagsbuffet zu bedienen, das eine Reihe von leckeren K\u00f6stlichkeiten aus dem ganzen K\u00f6nigreich enth\u00e4lt. W\u00e4hrend du diese K\u00f6stlichkeiten genie\u00dft, kannst du die Sch\u00f6nheit der Umgebung bewundern und die frische Meeresbrise einatmen.<\/p>\n<p>Wenn wir vor der wundersch\u00f6nen Insel Koh Tan ankern, kannst du an den Korallenriffen in den tropischen Gew\u00e4ssern schnorcheln und mit den vielen Arten von tropischen Fischen schwimmen. Wenn du dich lieber in der Sonne entspannen m\u00f6chtest, ist das Hauptdeck des Schiffes genau der richtige Ort f\u00fcr dich. Wie auch immer du deine Zeit auf deiner Bootstour verbringen m\u00f6chtest, wir werden uns bem\u00fchen, dir entgegenzukommen.<\/p>\n<h2>Mystische f\u00fcnf Inseln rund um Samui<\/h2>\n<p>Wir setzen unseren Ausflug in Richtung Koh Tan und den F\u00fcnf Inseln fort und sehen viele wundersch\u00f6ne Insellandschaften. W\u00e4hrend wir mit dem Motorboot um die f\u00fcnf Inseln segeln, wird dich unsere Crew mit einer Reihe von lustigen Fakten und historischen Informationen \u00fcber diesen Ort versorgen. Dank unseres sachkundigen Teams wirst du einige der Geheimnisse Samuis entdecken, die selbst vielen Einheimischen verborgen bleiben.<\/p>\n<p>Nach diesem fantastischen Erlebnis ist es an der Zeit, zur\u00fcck nach Koh Samui zu fahren, aber nicht, ohne in den strahlenden Sonnenuntergang zu segeln und einen Sundowner an Bord zu genie\u00dfen. Was gibt es Sch\u00f6neres, als diesen Tag im Paradies zu beenden?<\/p>\n<p><strong>SETZE DIE SEGEL MIT BOUTIQUE YACHTING!<\/strong><\/p>\n","protected":false},"excerpt":{"rendered":"<p><span class=\"my-short-description\">Erwachsene (ab 12 Jahren) \/ Kinder (5 \u2013 11 Jahre) \/ Kleinkinder (0 \u2013 4 Jahre)<br \/>\n<strong>Zur \u00dcberpr\u00fcfung des Alters ist eine Kopie des Reisepasses aller Kinder erforderlich.<\/strong><\/span><\/p>\n","protected":false},"featured_media":561,"template":"","meta":{"_acf_changed":false},"product_brand":[],"product_cat":[32],"product_tag":[],"class_list":{"0":"post-699","1":"product","2":"type-product","3":"status-publish","4":"has-post-thumbnail","6":"product_cat-geplante-kreuzfahrten","8":"first","9":"instock","10":"virtual","11":"purchasable","12":"product-type-simple"},"acf":[],"_links":{"self":[{"href":"https:\/\/boutiqueyachting.com\/de\/wp-json\/wp\/v2\/product\/699","targetHints":{"allow":["GET"]}}],"collection":[{"href":"https:\/\/boutiqueyachting.com\/de\/wp-json\/wp\/v2\/product"}],"about":[{"href":"https:\/\/boutiqueyachting.com\/de\/wp-json\/wp\/v2\/types\/product"}],"wp:featuredmedia":[{"embeddable":true,"href":"https:\/\/boutiqueyachting.com\/de\/wp-json\/wp\/v2\/media\/561"}],"wp:attachment":[{"href":"https:\/\/boutiqueyachting.com\/de\/wp-json\/wp\/v2\/media?parent=699"}],"wp:term":[{"taxonomy":"product_brand","embeddable":true,"href":"https:\/\/boutiqueyachting.com\/de\/wp-json\/wp\/v2\/product_brand?post=699"},{"taxonomy":"product_cat","embeddable":true,"href":"https:\/\/boutiqueyachting.com\/de\/wp-json\/wp\/v2\/product_cat?post=699"},{"taxonomy":"product_tag","embeddable":true,"href":"https:\/\/boutiqueyachting.com\/de\/wp-json\/wp\/v2\/product_tag?post=699"}],"curies":[{"name":"wp","href":"https:\/\/api.w.org\/{rel}","templated":true}]}}