{"id":700,"date":"2024-02-06T09:07:27","date_gmt":"2024-02-06T09:07:27","guid":{"rendered":"https:\/\/boutiqueyachting.com\/samui-sunset-cruise\/"},"modified":"2025-07-07T20:12:31","modified_gmt":"2025-07-07T13:12:31","slug":"samui-sunset-cruise","status":"publish","type":"product","link":"https:\/\/boutiqueyachting.com\/de\/samui-sunset-cruise\/","title":{"rendered":"Samui Sunset Cruise"},"content":{"rendered":"<h3>Sunset Trip Koh Samui<\/h3>\n<p>Begleite uns zu einem atemberaubenden Sonnenuntergang an der Nordk\u00fcste von Koh Samui! Erlebe die Sch\u00f6nheit der Insel, w\u00e4hrend du beobachtest, wie die Sonne unter den Horizont sinkt und den Himmel in warme Orange- und Rosat\u00f6ne taucht. Entspanne dich auf einer unserer Sonnenb\u00e4nke. Unsere freundlichen Guides werden daf\u00fcr sorgen, dass du einen unvergesslichen und unterhaltsamen Abend erlebst. Lass dir dieses unvergessliche Erlebnis nicht entgehen.<\/p>\n","protected":false},"excerpt":{"rendered":"<p><span class=\"my-short-description\">Erwachsene (ab 12 Jahren) \/ Kinder (5 \u2013 11 Jahre) \/ Kleinkinder (0 \u2013 4 Jahre)<br \/>\n<strong>Zur \u00dcberpr\u00fcfung des Alters ist eine Kopie des Reisepasses aller Kinder erforderlich.<\/strong><\/span><\/p>\n","protected":false},"featured_media":608,"template":"","meta":{"_acf_changed":false},"product_brand":[],"product_cat":[32],"product_tag":[],"class_list":{"0":"post-700","1":"product","2":"type-product","3":"status-publish","4":"has-post-thumbnail","6":"product_cat-geplante-kreuzfahrten","8":"first","9":"instock","10":"virtual","11":"purchasable","12":"product-type-simple"},"acf":[],"_links":{"self":[{"href":"https:\/\/boutiqueyachting.com\/de\/wp-json\/wp\/v2\/product\/700","targetHints":{"allow":["GET"]}}],"collection":[{"href":"https:\/\/boutiqueyachting.com\/de\/wp-json\/wp\/v2\/product"}],"about":[{"href":"https:\/\/boutiqueyachting.com\/de\/wp-json\/wp\/v2\/types\/product"}],"wp:featuredmedia":[{"embeddable":true,"href":"https:\/\/boutiqueyachting.com\/de\/wp-json\/wp\/v2\/media\/608"}],"wp:attachment":[{"href":"https:\/\/boutiqueyachting.com\/de\/wp-json\/wp\/v2\/media?parent=700"}],"wp:term":[{"taxonomy":"product_brand","embeddable":true,"href":"https:\/\/boutiqueyachting.com\/de\/wp-json\/wp\/v2\/product_brand?post=700"},{"taxonomy":"product_cat","embeddable":true,"href":"https:\/\/boutiqueyachting.com\/de\/wp-json\/wp\/v2\/product_cat?post=700"},{"taxonomy":"product_tag","embeddable":true,"href":"https:\/\/boutiqueyachting.com\/de\/wp-json\/wp\/v2\/product_tag?post=700"}],"curies":[{"name":"wp","href":"https:\/\/api.w.org\/{rel}","templated":true}]}}