{"id":704,"date":"2024-05-17T11:43:07","date_gmt":"2024-05-17T11:43:07","guid":{"rendered":"https:\/\/boutiqueyachting.com\/halbtages-charters\/"},"modified":"2024-12-12T00:57:39","modified_gmt":"2024-12-12T00:57:39","slug":"halbtages-charters","status":"publish","type":"product","link":"https:\/\/boutiqueyachting.com\/de\/halbtags-charter\/","title":{"rendered":"Halbtags-Charter"},"content":{"rendered":"<h2>Halbtags-Privat-Charter<\/h2>\n<p>Wenn du eine aufregende Erfahrung wie keine andere machen willst, aber nicht viel Zeit daf\u00fcr hast, sind unsere halbt\u00e4gigen Privatcharter eine \u00dcberlegung wert. Du kannst die Pracht von Koh Samui immer noch stilvoll mit einem unserer privaten Halbtagescharter genie\u00dfen. Diese Halbtagescharter beinhalten mehr als nur die Nutzung unserer erstklassigen Yachten. Au\u00dferdem bekommst du wunderbare Annehmlichkeiten, erstklassigen Service, eine fantastische K\u00fcche und ein Erlebnis, das du so schnell nicht vergessen wirst.<\/p>\n<h3>Vormittags Halbtagescharter<\/h3>\n<p>Verbringe den fr\u00fchen Morgen deines Tages an Bord einer unserer erstklassigen Yachten und segle zur Nordk\u00fcste von Koh Samui. Erkunde Koh Som und die Umgebung, w\u00e4hrend dich deine gecharterte Yacht zu einigen der unber\u00fchrtesten Gew\u00e4sser Thailands bringt. Lass dich auf ein Abenteuer ein, das mit Sicherheit einer der H\u00f6hepunkte deiner Reise sein wird.<\/p>\n<p>Wenn du dich auf den Weg machst, kannst du ein reichhaltiges Fr\u00fchst\u00fcck genie\u00dfen und es dir in den vielen Tagesbetten bequem machen, die \u00fcberall auf unserem ger\u00e4umigen Deck verteilt sind. Du kannst auch deine Br\u00e4une auf unserem Sonnendeck perfektionieren oder sogar etwas Zeit mit dem Kapit\u00e4n an der Hilfe verbringen und sehen, wie eine Luxusyacht im Wasser man\u00f6vriert werden kann. Wenn du zur\u00fcck im Hafen bist, kannst du den Sonnenuntergang in einer der Strandbars genie\u00dfen.<\/p>\n<h3>Sonnenuntergang Halbtagscharter<\/h3>\n<p>Wenn das fr\u00fche Aufstehen f\u00fcr einen Ausflug nach Koh Samui nicht dein Ding ist, kannst du dich f\u00fcr den privaten Halbtagescharter bei Sonnenuntergang entscheiden, der mittags beginnt. Steig an Bord eines unserer Luxusschiffe und unser Kapit\u00e4n bringt dich an die Nordk\u00fcste von Koh Samui und Som, wo du die majest\u00e4tischen Sehensw\u00fcrdigkeiten der Natur um dich herum genie\u00dfen kannst. Genie\u00dfe ein schmackhaftes Mittagessen, w\u00e4hrend deine Yacht zu einigen der sch\u00f6nsten Gew\u00e4sser des Archipels f\u00e4hrt.<\/p>\n<p>Nimm ein Bad im warmen thail\u00e4ndischen Wasser, faulenze auf dem Sonnendeck oder genie\u00dfe einen k\u00fchlen Drink, w\u00e4hrend du dich auf einem der vielen schattigen Tagesbetten des Schiffes entspannst. Auf dem Weg zur\u00fcck in den Hafen kannst du auf dem Wasser den majest\u00e4tischen Sonnenuntergang beobachten, der dir ein Kaleidoskop an Farben bietet, das du nirgendwo anders finden kannst. Sp\u00fcre die k\u00fchle Brise des fr\u00fchen Abends, w\u00e4hrend dein Schiff dich zur\u00fcck in den Hafen bringt.<\/p>\n<h3>Was du mit einem Halbtagescharter bekommst<\/h3>\n<p>Egal, ob du dich f\u00fcr den Morgen- oder den Sonnenuntergangstrip entscheidest, unsere privaten Halbtagescharter sind ganz auf deine W\u00fcnsche zugeschnitten. Willst du ein paar Stunden Wassersport genie\u00dfen, w\u00e4hrend du dort bist? Lass es uns wissen und wir werden etwas f\u00fcr dich arrangieren.<\/p>\n<ul>\n<li><strong>Standort<\/strong>: Nordk\u00fcste von Koh Samui und Koh Som<\/li>\n<li><strong>Abreise<\/strong>: Wir verlassen den Petcherat Pier in Bangrak zu deiner geplanten Abfahrtszeit.<\/li>\n<li><strong>Transfer<\/strong>: Als Teil deines Pakets k\u00f6nnen wir dich direkt an deinem Hotel abholen und absetzen.<\/li>\n<\/ul>\n<p>Au\u00dferdem bekommst du ein komplettes Fr\u00fchst\u00fcck oder Mittagessen nach Wahl, Snacks f\u00fcr die gesamte Dauer der Fahrt, frisches Obst, unbegrenzt Softdrinks, Handt\u00fccher und Fingerfood. Sag uns Bescheid, wenn du einen Dolmetscher f\u00fcr deine Reise brauchst und wir werden ihn f\u00fcr dich bereitstellen. Alle halbt\u00e4gigen privaten Charters sind f\u00fcr maximal 40 Personen.<\/p>\n","protected":false},"excerpt":{"rendered":"<p><strong>Dauer<\/strong>: 4 Stunden<br \/>\nBis zu 20 Personen \u2013 <strong>max. Personen<\/strong>: 50<\/p>\n","protected":false},"featured_media":663,"template":"","meta":{"_acf_changed":false},"product_brand":[],"product_cat":[33],"product_tag":[],"class_list":{"0":"post-704","1":"product","2":"type-product","3":"status-publish","4":"has-post-thumbnail","6":"product_cat-private-bootscharter","8":"first","9":"instock","10":"virtual","11":"purchasable","12":"product-type-simple"},"acf":[],"_links":{"self":[{"href":"https:\/\/boutiqueyachting.com\/de\/wp-json\/wp\/v2\/product\/704","targetHints":{"allow":["GET"]}}],"collection":[{"href":"https:\/\/boutiqueyachting.com\/de\/wp-json\/wp\/v2\/product"}],"about":[{"href":"https:\/\/boutiqueyachting.com\/de\/wp-json\/wp\/v2\/types\/product"}],"wp:featuredmedia":[{"embeddable":true,"href":"https:\/\/boutiqueyachting.com\/de\/wp-json\/wp\/v2\/media\/663"}],"wp:attachment":[{"href":"https:\/\/boutiqueyachting.com\/de\/wp-json\/wp\/v2\/media?parent=704"}],"wp:term":[{"taxonomy":"product_brand","embeddable":true,"href":"https:\/\/boutiqueyachting.com\/de\/wp-json\/wp\/v2\/product_brand?post=704"},{"taxonomy":"product_cat","embeddable":true,"href":"https:\/\/boutiqueyachting.com\/de\/wp-json\/wp\/v2\/product_cat?post=704"},{"taxonomy":"product_tag","embeddable":true,"href":"https:\/\/boutiqueyachting.com\/de\/wp-json\/wp\/v2\/product_tag?post=704"}],"curies":[{"name":"wp","href":"https:\/\/api.w.org\/{rel}","templated":true}]}}