{"id":713,"date":"2024-05-17T11:43:55","date_gmt":"2024-05-17T11:43:55","guid":{"rendered":"https:\/\/boutiqueyachting.com\/privat-charter-ueber-nacht\/"},"modified":"2024-06-18T00:39:13","modified_gmt":"2024-06-18T00:39:13","slug":"privat-charter-ueber-nacht","status":"publish","type":"product","link":"https:\/\/boutiqueyachting.com\/de\/privat-charter-ueber-nacht\/","title":{"rendered":"Privat-Charter \u00fcber Nacht"},"content":{"rendered":"<h2>\u00dcbernachtungs-Charter<\/h2>\n<p>Hast du dich jemals gefragt, wie es w\u00e4re, die sanfte Bewegung der Wellen zu sp\u00fcren, wenn sie dich in den Schlaf wiegen? Hast du dich jemals gefragt, wie es w\u00e4re, inmitten eines der unber\u00fchrtesten Gew\u00e4sser im Golf von Thailand ins Traumland abzutauchen? Hast du dich jemals gefragt, wie es sich anf\u00fchlt, bei Sonnenaufgang auf dem Meer aufzuwachen und die k\u00fchle Morgenbrise zu sp\u00fcren, w\u00e4hrend du den Sonnenaufgang betrachtest?<\/p>\n<p>Nun, wundere dich nicht mehr. Mit unserem Nachtcharter kannst du all das und noch viel mehr erleben. Du kannst bis zu f\u00fcnf Tage auf einer unserer Luxusyachten auf dem Meer verbringen und alles genie\u00dfen, was unsere fabelhaften Schiffe zu bieten haben und was die Natur zu bieten hat. Erlebe die Reise deines Lebens, indem du den ganzen Trubel hinter dir l\u00e4sst und zu einem der gut geh\u00fcteten Geheimnisse Thailands aufbrichst, n\u00e4mlich den unber\u00fchrten Gew\u00e4ssern und Inseln von Koh Samui.<\/p>\n<h3>Vollst\u00e4ndig anpassbares Charter-Erlebnis<\/h3>\n<p>Dein Abenteuer, deine Wahl. Daran glauben wir und daf\u00fcr stehen wir, denn wir \u00fcberlassen dir die Entscheidung, wie du deine Tage auf See genie\u00dfen willst. M\u00f6chtest du den Ang Thong Marine Park besuchen? Das k\u00f6nnen wir f\u00fcr dich tun und wir k\u00f6nnen sogar in den Gew\u00e4ssern rund um dieses riesige Naturschutzgebiet \u00fcbernachten. M\u00f6chtest du die vielen unbewohnten Inseln von Koh Tao erkunden? Wir k\u00f6nnen das auch tun und die Nacht auf dem Wasser in der N\u00e4he dieser ruhigen kleinen Inseln verbringen.<\/p>\n<p>Wir k\u00f6nnen deine Reise individuell gestalten, indem wir das Essen, das du dir w\u00fcnschst, die Orte, die du besuchen m\u00f6chtest, die Anzahl der Tage auf See und sogar die Aktivit\u00e4ten, denen du nachgehen m\u00f6chtest, festlegen. Es ist schlie\u00dflich dein privater Charter und wir wollen dich zufriedenstellen, also w\u00e4hle aus, was du m\u00f6chtest. Du bekommst die Reise deiner Tr\u00e4ume und das auf einer Yacht, die dir eine bequeme Fahrt, ultraluxuri\u00f6se Suiten zum Entspannen und \u00fcppiges Essen zum Fr\u00fchst\u00fcck, Mittag- und Abendessen sowie Snacks bietet, die deinen Geschmacksnerven schmeicheln.<\/p>\n<h3>Was du mit deinem Overnight Charter bekommst<\/h3>\n<p>Wenn du dich daf\u00fcr entscheidest, einen oder mehrere Tage lang die Gew\u00e4sser und Inseln des Golfs von Thailand zu erkunden, wirst du dich freuen, vor allem, wenn du dies auf einer unserer Luxusyachten tust. Jedes Schiff verf\u00fcgt \u00fcber gut ausgestattete Wohn- und Schlafr\u00e4ume und eigene Badezimmer, die mit denen von 5-Sterne-Hotels mithalten k\u00f6nnen. Au\u00dferdem gibt es auf diesen Yachten Sonnendecks, auf denen du dich stilvoll sonnen kannst, Tagesbetten, auf denen du es dir mit einem guten Buch gem\u00fctlich machen kannst, und freundliches Personal, das dich gerne bedient.<\/p>\n<p>Jede \u00dcbernachtungscharter beinhaltet ein t\u00e4gliches Fr\u00fchst\u00fcck, Mittag- und Abendessen, das von unseren K\u00f6chen fachm\u00e4nnisch zubereitet wird. Au\u00dferdem bekommst du Snacks und Fingerfood zwischen den Mahlzeiten, unbegrenzte Getr\u00e4nke, frisches Obst, Handt\u00fccher und Guides zur Verf\u00fcgung gestellt. Au\u00dferdem kannst du dein Erlebnis mit einer Auswahl an Wasser- und Landaktivit\u00e4ten, die du im Voraus mit unserem Team vereinbaren kannst, individuell gestalten.<\/p>\n<p>Deine Reise beginnt damit, dass wir dich am ersten Morgen deines Charters von deinem Hotel abholen und zum Petcherat Pier in Bangrak bringen. Dann fahren wir zu deinem ersten Reiseziel, wo du alles genie\u00dfen kannst, was du auf deiner Reise erleben m\u00f6chtest. Deine Reise endet am letzten Tag deines Charters, indem wir dich zur\u00fcck in den Hafen und zu deinem Hotel bringen.<\/p>\n","protected":false},"excerpt":{"rendered":"<p>\u00dcbernachtungs-Charter Hast du dich jemals gefragt, wie es w\u00e4re, die sanfte Bewegung der Wellen zu sp\u00fcren, wenn sie dich in den Schlaf wiegen? Hast du dich jemals gefragt, wie es w\u00e4re, inmitten eines der unber\u00fchrtesten Gew\u00e4sser im Golf von Thailand ins Traumland abzutauchen? Hast du dich jemals gefragt, wie es sich anf\u00fchlt, bei Sonnenaufgang auf&#8230;<\/p>\n","protected":false},"featured_media":644,"template":"","meta":{"_acf_changed":false},"product_brand":[],"product_cat":[33],"product_tag":[],"class_list":{"0":"post-713","1":"product","2":"type-product","3":"status-publish","4":"has-post-thumbnail","6":"product_cat-private-bootscharter","8":"first","9":"instock","10":"virtual","11":"purchasable","12":"product-type-simple"},"acf":[],"_links":{"self":[{"href":"https:\/\/boutiqueyachting.com\/de\/wp-json\/wp\/v2\/product\/713","targetHints":{"allow":["GET"]}}],"collection":[{"href":"https:\/\/boutiqueyachting.com\/de\/wp-json\/wp\/v2\/product"}],"about":[{"href":"https:\/\/boutiqueyachting.com\/de\/wp-json\/wp\/v2\/types\/product"}],"wp:featuredmedia":[{"embeddable":true,"href":"https:\/\/boutiqueyachting.com\/de\/wp-json\/wp\/v2\/media\/644"}],"wp:attachment":[{"href":"https:\/\/boutiqueyachting.com\/de\/wp-json\/wp\/v2\/media?parent=713"}],"wp:term":[{"taxonomy":"product_brand","embeddable":true,"href":"https:\/\/boutiqueyachting.com\/de\/wp-json\/wp\/v2\/product_brand?post=713"},{"taxonomy":"product_cat","embeddable":true,"href":"https:\/\/boutiqueyachting.com\/de\/wp-json\/wp\/v2\/product_cat?post=713"},{"taxonomy":"product_tag","embeddable":true,"href":"https:\/\/boutiqueyachting.com\/de\/wp-json\/wp\/v2\/product_tag?post=713"}],"curies":[{"name":"wp","href":"https:\/\/api.w.org\/{rel}","templated":true}]}}