{"id":728,"date":"2024-05-17T11:43:19","date_gmt":"2024-05-17T11:43:19","guid":{"rendered":"https:\/\/boutiqueyachting.com\/ganztaegiger-privat-charter\/"},"modified":"2024-12-12T00:57:34","modified_gmt":"2024-12-12T00:57:34","slug":"ganztaegiger-privat-charter","status":"publish","type":"product","link":"https:\/\/boutiqueyachting.com\/de\/ganztaegiger-privat-charter\/","title":{"rendered":"Ganzt\u00e4giger Privat-Charter"},"content":{"rendered":"<h2>Ganzt\u00e4giger Privat-Charter<\/h2>\n<p>Wenn du auf der Suche nach einem Abenteuer wie keinem anderen auf Koh Samui bist, dann haben wir genau das Richtige f\u00fcr dich. Unsere fabelhaften Luxusyachten stehen dir zur Verf\u00fcgung und k\u00f6nnen f\u00fcr individuelle ganzt\u00e4gige Charterfahrten gebucht werden.<\/p>\n<h3>Samui Insel Kreuzfahrt oder Koh Phangan Kreuzfahrt<\/h3>\n<p>Eine der M\u00f6glichkeiten, die du f\u00fcr deinen ganzt\u00e4gigen privaten Charter hast, ist unsere Samui Island oder Koh Phangan Kreuzfahrt. W\u00e4hle eines dieser beiden wunderbaren Ziele f\u00fcr einen entspannten und unterhaltsamen Tag auf See. Wir haben die perfekte Liste an Aktivit\u00e4ten f\u00fcr dich, die du genie\u00dfen kannst, sobald wir dort sind.<\/p>\n<p>Du kannst den Tag damit verbringen, auf dem weichen wei\u00dfen Sand der einsamen Str\u00e4nde der Gegend zu faulenzen oder in den warmen Gew\u00e4ssern des Archipels zu schwimmen. Du kannst dich auch f\u00fcr Wasseraktivit\u00e4ten wie Schnorcheln, Kajakfahren und vieles mehr entscheiden. Sag uns einfach, was du tun m\u00f6chtest, und wir werden Wege finden, es zu arrangieren. Schlie\u00dflich sind unsere Charters an deine W\u00fcnsche anpassbar.<\/p>\n<h3>Ang Thong Marine Park Kreuzfahrt<\/h3>\n<p>Eine weitere Option f\u00fcr einen ganzt\u00e4gigen privaten Charter ist ein Ausflug zu dieser majest\u00e4tischen Inselgruppe, die als Ang Thong Marine Park bekannt ist. Schau dir die vielen Wunder an, die du hier finden kannst, wie den h\u00f6chsten Punkt von Koh Mae Koh, von dem aus du einen tollen Blick auf die umliegenden Inseln und das kristallklare Wasser hast.<\/p>\n<p>Genie\u00dfe den spektakul\u00e4ren Blick auf den Smaragdsee, der von diesem Aussichtspunkt aus in gr\u00fcner Pracht schimmert und wie eine feste, gl\u00e4nzende gr\u00fcne Oberfl\u00e4che aussieht, ganz wie sein Namensgeber.<\/p>\n<h3>Sonnenuntergang auf dem Wasser auf dem R\u00fcckweg<\/h3>\n<p>Wenn wir in die Zivilisation zur\u00fcckkehren, erlebst du den atemberaubenden Blick auf den Sonnenuntergang von Koh Samui auf dem Wasser. Beobachte, wie die Sonne ein atemberaubendes Farbenspiel am Himmel und auf dem Wasser erzeugt, wenn sie sich f\u00fcr den Tag zur\u00fcckzieht. Genie\u00dfe die k\u00fchle Meeresbrise, w\u00e4hrend wir zur\u00fcck in den Hafen fahren, um einen fantastischen Tag in einem der urspr\u00fcnglichsten und unber\u00fchrtesten Sch\u00e4tze der Natur zu beenden.<\/p>\n<h4>Was du mit deinem Ganztages-Privatcharter bekommst<\/h4>\n<p>Wenn du einen ganzt\u00e4gigen Privatcharter bei uns buchst, kannst du die Yacht deiner Wahl komplett nutzen. Du kannst unsere Pauschalangebote f\u00fcr Touren nutzen oder deine Tour nach deinen W\u00fcnschen gestalten. Bei jedem Ganztagescharter erh\u00e4ltst du einen Hin- und R\u00fccktransfer von und zu deinem Hotel zum Petcherat Pier in Bangrak. Au\u00dferdem bekommst du sowohl ein komplettes Fr\u00fchst\u00fcck als auch ein komplettes Mittagessen mit leckeren lokalen und internationalen Gerichten.<\/p>\n<p>Zu deinem Charter geh\u00f6ren au\u00dferdem Fingerfood und Snacks den ganzen Tag \u00fcber, Getr\u00e4nke, Handt\u00fccher und der erstklassige Service unserer Crew. Du kannst einen Dolmetscher und einen Reisef\u00fchrer anfordern, wenn du m\u00f6chtest. Du kannst auch Ausr\u00fcstungen f\u00fcr Wasseraktivit\u00e4ten wie Kajaks und Schnorchel f\u00fcr alle Aktivit\u00e4ten anfordern, denen du nachgehen m\u00f6chtest.<\/p>\n<p>Egal, ob du diesen ganzt\u00e4gigen Charter f\u00fcr dich und ein paar Freunde, f\u00fcr deine Familie und deine Liebsten oder einfach nur f\u00fcr dich und deinen Liebsten planst, denk daran, dass unsere Yachten Platz f\u00fcr bis zu 40 Personen bieten.<\/p>\n","protected":false},"excerpt":{"rendered":"<p><strong>Dauer<\/strong>: 8 Stunden<br \/>\n<strong>Preis Angthong Marine Park<\/strong>: ab 89.000 THB<br \/>\n<strong>Preis Koh Samui oder Koh Phangan<\/strong>: ab 79.000 THB<br \/>\nBis zu 20 Personen \u2013 <strong>max. Personen<\/strong>: 50<\/p>\n","protected":false},"featured_media":668,"template":"","meta":{"_acf_changed":false},"product_brand":[],"product_cat":[33],"product_tag":[],"class_list":{"0":"post-728","1":"product","2":"type-product","3":"status-publish","4":"has-post-thumbnail","6":"product_cat-private-bootscharter","8":"first","9":"instock","10":"virtual","11":"purchasable","12":"product-type-simple"},"acf":[],"_links":{"self":[{"href":"https:\/\/boutiqueyachting.com\/de\/wp-json\/wp\/v2\/product\/728","targetHints":{"allow":["GET"]}}],"collection":[{"href":"https:\/\/boutiqueyachting.com\/de\/wp-json\/wp\/v2\/product"}],"about":[{"href":"https:\/\/boutiqueyachting.com\/de\/wp-json\/wp\/v2\/types\/product"}],"wp:featuredmedia":[{"embeddable":true,"href":"https:\/\/boutiqueyachting.com\/de\/wp-json\/wp\/v2\/media\/668"}],"wp:attachment":[{"href":"https:\/\/boutiqueyachting.com\/de\/wp-json\/wp\/v2\/media?parent=728"}],"wp:term":[{"taxonomy":"product_brand","embeddable":true,"href":"https:\/\/boutiqueyachting.com\/de\/wp-json\/wp\/v2\/product_brand?post=728"},{"taxonomy":"product_cat","embeddable":true,"href":"https:\/\/boutiqueyachting.com\/de\/wp-json\/wp\/v2\/product_cat?post=728"},{"taxonomy":"product_tag","embeddable":true,"href":"https:\/\/boutiqueyachting.com\/de\/wp-json\/wp\/v2\/product_tag?post=728"}],"curies":[{"name":"wp","href":"https:\/\/api.w.org\/{rel}","templated":true}]}}