{"id":731,"date":"2024-05-17T11:43:29","date_gmt":"2024-05-17T11:43:29","guid":{"rendered":"https:\/\/boutiqueyachting.com\/sonnenuntergang-privat-charter\/"},"modified":"2024-12-12T00:56:59","modified_gmt":"2024-12-12T00:56:59","slug":"sonnenuntergang-privat-charter","status":"publish","type":"product","link":"https:\/\/boutiqueyachting.com\/de\/sonnenuntergang-privat-charter\/","title":{"rendered":"Sonnenuntergang Privat Charter"},"content":{"rendered":"<h2>Sonnenuntergang Boutique Privat Charter<\/h2>\n<p>Wenn du auf der Suche nach einer stilvollen Kreuzfahrt zum Sonnenuntergang auf Koh Samui bist, dann schau dir unseren Samui Sunset Private Charter f\u00fcr bis zu 50 Personen an.<\/p>\n<h3>Fahrt durch die n\u00f6rdlichen Buchten in den Sonnenuntergang<\/h3>\n<p>Auf unserem vollst\u00e4ndig anpassbaren Sunset Charter fahren wir durch die n\u00f6rdlichen Buchten und K\u00fcsten von Koh Samui. Wir fahren hinaus in den Westen in den Sonnenuntergang und setzen die Segel, um einen der ber\u00fchmten Sonnenunterg\u00e4nge von Koh Samui zu genie\u00dfen!<\/p>\n<p>An Bord wird Fingerfood f\u00fcr ein leichtes Abendessen serviert, w\u00e4hrend wir dem Sonnenuntergang im Westen entgegenfahren. Alkoholische Getr\u00e4nke wie Wein, Bier und Sekt sind an Bord erh\u00e4ltlich. Du brauchst ein besonderes Essen oder Getr\u00e4nke? Nimm einfach Kontakt mit uns auf und teile uns deine Auswahl mit, dann k\u00f6nnen wir deine individuelle Wahl treffen!<\/p>\n","protected":false},"excerpt":{"rendered":"<p><strong>Dauer<\/strong>: 3 Stunden \/ Zeit: 17:00\u201320:00 Uhr<br \/>\nBis zu 20 Personen \u2013 <strong>max. Personen<\/strong>: 50<\/p>\n","protected":false},"featured_media":684,"template":"","meta":{"_acf_changed":false},"product_brand":[],"product_cat":[33],"product_tag":[],"class_list":{"0":"post-731","1":"product","2":"type-product","3":"status-publish","4":"has-post-thumbnail","6":"product_cat-private-bootscharter","8":"first","9":"instock","10":"virtual","11":"purchasable","12":"product-type-simple"},"acf":[],"_links":{"self":[{"href":"https:\/\/boutiqueyachting.com\/de\/wp-json\/wp\/v2\/product\/731","targetHints":{"allow":["GET"]}}],"collection":[{"href":"https:\/\/boutiqueyachting.com\/de\/wp-json\/wp\/v2\/product"}],"about":[{"href":"https:\/\/boutiqueyachting.com\/de\/wp-json\/wp\/v2\/types\/product"}],"wp:featuredmedia":[{"embeddable":true,"href":"https:\/\/boutiqueyachting.com\/de\/wp-json\/wp\/v2\/media\/684"}],"wp:attachment":[{"href":"https:\/\/boutiqueyachting.com\/de\/wp-json\/wp\/v2\/media?parent=731"}],"wp:term":[{"taxonomy":"product_brand","embeddable":true,"href":"https:\/\/boutiqueyachting.com\/de\/wp-json\/wp\/v2\/product_brand?post=731"},{"taxonomy":"product_cat","embeddable":true,"href":"https:\/\/boutiqueyachting.com\/de\/wp-json\/wp\/v2\/product_cat?post=731"},{"taxonomy":"product_tag","embeddable":true,"href":"https:\/\/boutiqueyachting.com\/de\/wp-json\/wp\/v2\/product_tag?post=731"}],"curies":[{"name":"wp","href":"https:\/\/api.w.org\/{rel}","templated":true}]}}