{"id":732,"date":"2024-05-17T11:43:41","date_gmt":"2024-05-17T11:43:41","guid":{"rendered":"https:\/\/boutiqueyachting.com\/hochzeit-privat-charter\/"},"modified":"2024-12-12T00:56:45","modified_gmt":"2024-12-12T00:56:45","slug":"hochzeit-privat-charter","status":"publish","type":"product","link":"https:\/\/boutiqueyachting.com\/de\/hochzeit-privat-charter\/","title":{"rendered":"Hochzeit Privat-Charter"},"content":{"rendered":"<h2>Hochzeit Charter<\/h2>\n<p>Was kann spektakul\u00e4rer und romantischer sein als eine Hochzeit an Bord einer Luxusyacht in den unber\u00fchrten Gew\u00e4ssern von Koh Samui? Ja, du kannst diese fabelhafte Hochzeit an Bord der Naga feiern, einer der Luxusyachten, die dir f\u00fcr deinen besonderen Tag zur Verf\u00fcgung stehen. Wir k\u00f6nnen deinen besonderen Tag mit diesem einzigartigen Angebot noch spezieller machen, das aus einer typischen Hochzeit eine au\u00dfergew\u00f6hnliche machen kann.<\/p>\n<p>Wir holen dich und deine Gruppe zu der mit dir vereinbarten Zeit am Petcherat Pier in Bangrak ab. Dann bringen wir deine Hochzeitsgesellschaft zu dem Ort, den du dir ausgesucht hast, und beginnen dort mit dem unvergesslichsten Tag deines Lebens. W\u00e4hrend wir uns auf den Weg zu deinem bevorzugten Zielort f\u00fcr deine Hochzeit machen, werden unsere Mitarbeiter dich und deine G\u00e4ste mit Getr\u00e4nken, Unterhaltung und anderen Arrangements unterhalten, die du mit unserem Team getroffen hast.<\/p>\n<h3>Anpassen, personalisieren und einmalig machen<\/h3>\n<p>Wir sind daf\u00fcr da, diesen Tag f\u00fcr dich noch unvergesslicher zu machen und werden alles tun, um dir die Feier auf See zu erm\u00f6glichen, von der du schon immer getr\u00e4umt hast. M\u00f6chtest du einen DJ f\u00fcr deine Hochzeit an Bord haben? K\u00f6nnen wir das f\u00fcr dich arrangieren? M\u00f6chtest du lieber eine Band f\u00fcr deine Unterhaltung haben? Wir k\u00f6nnen auch Wege finden, dies f\u00fcr dich zu erm\u00f6glichen.<\/p>\n<p>Wir sind bestrebt, deinen Hochzeitstag zu etwas ganz Besonderem zu machen, und wir werden deine W\u00fcnsche so gut wie m\u00f6glich erf\u00fcllen. Egal, ob du einen Fotografen, eine Torte, ein spezielles Men\u00fc oder sogar eine besondere Dekoration brauchst, du brauchst nur zu fragen und wir werden unser Bestes tun, um dir zu geben, was du willst. Schlie\u00dflich ist deine Hochzeit f\u00fcr uns genauso besonders wie f\u00fcr dich.<\/p>\n<h3>Mehr als nur Hochzeiten<\/h3>\n<p>Wir helfen nicht nur dabei, Hochzeiten unvergesslich zu machen, sondern bem\u00fchen uns auch, andere besondere Anl\u00e4sse unvergesslich zu machen. Dein Jahrestag, dein Geburtstag, eine Bef\u00f6rderung, ein Neugeborenes und jedes andere Ereignis, das du mit einer spektakul\u00e4ren Kreuzfahrt an Bord einer Luxusyacht feiern m\u00f6chtest, k\u00f6nnen wir f\u00fcr dich m\u00f6glich machen. Alles, was du tun musst, ist, uns zu kontaktieren und wir helfen dir, die perfekte Charter f\u00fcr dein besonderes Ereignis zu erstellen.<\/p>\n<p>Entdecke den Golf von Thailand, w\u00e4hrend du die k\u00f6stliche K\u00fcche genie\u00dft, die von unseren K\u00f6chen fachm\u00e4nnisch zubereitet und von unserem freundlichen Personal serviert wird. Mach deinen besonderen Tag zu etwas ganz Besonderem mit dieser einzigartigen Feier auf dem Meer auf einer gut ausgestatteten Yacht. Mit einem Tag in der Natur, unber\u00fchrten Str\u00e4nden und kristallklarem Wasser, leckeren Gerichten und erfrischenden Getr\u00e4nken kann deine Feier zu einem unvergesslichen Erlebnis werden.<\/p>\n<h3>Was du mit unserer Hochzeits- und Feier-Charta bekommst<\/h3>\n<p>Wenn du dich entscheidest, deinen besonderen Tag mit uns zu feiern, kannst du entweder die Baidee oder die Naga f\u00fcr eine halb- oder ganzt\u00e4gige Charterfahrt nutzen, mit Mittagessen, Abendessen oder beiden Mahlzeiten an Bord, Snacks, Getr\u00e4nken und Handt\u00fcchern. Wie bereits erw\u00e4hnt, kannst du deine Veranstaltung ganz individuell gestalten. Sag uns einfach, was du willst und was du brauchst, und wir werden unser Bestes tun, um es zu realisieren.<\/p>\n<p>Warum solltest du dich mit dem Gew\u00f6hnlichen zufrieden geben, wenn deine Feier mit unseren luxuri\u00f6sen Hochzeits- und Festchartern au\u00dfergew\u00f6hnlich werden kann.<\/p>\n","protected":false},"excerpt":{"rendered":"<p>Bis zu 20 Personen \u2013 <strong>max. Personen<\/strong>: 50<\/p>\n","protected":false},"featured_media":674,"template":"","meta":{"_acf_changed":false},"product_brand":[],"product_cat":[33],"product_tag":[],"class_list":{"0":"post-732","1":"product","2":"type-product","3":"status-publish","4":"has-post-thumbnail","6":"product_cat-private-bootscharter","8":"first","9":"instock","10":"virtual","11":"purchasable","12":"product-type-simple"},"acf":[],"_links":{"self":[{"href":"https:\/\/boutiqueyachting.com\/de\/wp-json\/wp\/v2\/product\/732","targetHints":{"allow":["GET"]}}],"collection":[{"href":"https:\/\/boutiqueyachting.com\/de\/wp-json\/wp\/v2\/product"}],"about":[{"href":"https:\/\/boutiqueyachting.com\/de\/wp-json\/wp\/v2\/types\/product"}],"wp:featuredmedia":[{"embeddable":true,"href":"https:\/\/boutiqueyachting.com\/de\/wp-json\/wp\/v2\/media\/674"}],"wp:attachment":[{"href":"https:\/\/boutiqueyachting.com\/de\/wp-json\/wp\/v2\/media?parent=732"}],"wp:term":[{"taxonomy":"product_brand","embeddable":true,"href":"https:\/\/boutiqueyachting.com\/de\/wp-json\/wp\/v2\/product_brand?post=732"},{"taxonomy":"product_cat","embeddable":true,"href":"https:\/\/boutiqueyachting.com\/de\/wp-json\/wp\/v2\/product_cat?post=732"},{"taxonomy":"product_tag","embeddable":true,"href":"https:\/\/boutiqueyachting.com\/de\/wp-json\/wp\/v2\/product_tag?post=732"}],"curies":[{"name":"wp","href":"https:\/\/api.w.org\/{rel}","templated":true}]}}